{"id":101,"date":"2017-07-11T14:27:13","date_gmt":"2017-07-11T14:27:13","guid":{"rendered":"https:\/\/ozerfilizperde.com\/?page_id=101"},"modified":"2025-10-15T18:20:34","modified_gmt":"2025-10-15T18:20:34","slug":"bizkimiz","status":"publish","type":"page","link":"https:\/\/ozerfilizperde.com\/index.php\/bizkimiz\/","title":{"rendered":"Hakk\u0131m\u0131zda"},"content":{"rendered":"<div class=\"wpb-content-wrapper\"><p>[vc_row][vc_column width=&#8221;1\/3&#8243;][vc_single_image image=&#8221;1877&#8243; img_size=&#8221;full&#8221; alignment=&#8221;center&#8221; css=&#8221;&#8221;][vc_empty_space alter_height=&#8221;small&#8221; hide_on_desktop=&#8221;&#8221; hide_on_notebook=&#8221;&#8221; hide_on_tablet=&#8221;&#8221; hide_on_mobile=&#8221;&#8221; css=&#8221;.vc_custom_1507116561302{margin-top: 0.6rem !important;}&#8221;][vc_column_text css=&#8221;&#8221;]<\/p>\n<h5 style=\"text-align: center;\">\u00d6zer Filiz<\/h5>\n<p>[\/vc_column_text][vc_empty_space hide_on_desktop=&#8221;&#8221; hide_on_notebook=&#8221;&#8221; hide_on_tablet=&#8221;&#8221; hide_on_mobile=&#8221;&#8221;][vc_column_text css=&#8221;&#8221;]<\/p>\n<p style=\"text-align: center;\">Jaluzi Perde<\/p>\n<p>[\/vc_column_text][vc_empty_space alter_height=&#8221;huge&#8221; hide_on_desktop=&#8221;&#8221; hide_on_notebook=&#8221;&#8221; hide_on_tablet=&#8221;&#8221; hide_on_mobile=&#8221;&#8221;][\/vc_column][vc_column width=&#8221;2\/3&#8243;]<div id=\"sc_title_766358097\"\n\t\tclass=\"sc_title color_style_default sc_title_default  vc_custom_1758137107544\"><h3 class=\"sc_item_title sc_title_title sc_align_left sc_item_title_style_default\">Hakk\u0131m\u0131zda<\/h3><div class=\"sc_item_descr sc_title_descr sc_align_left\"><p>Hakk\u0131m\u0131zda<\/p>\n<p>\u00d6zer Filiz Perde olarak Bursa merkezli uzun y\u0131llara dayanan tecr\u00fcbemizle; jaluzi perde alan\u0131nda kalite, \u015f\u0131kl\u0131k ve m\u00fc\u015fteri memnuniyetini birinci \u00f6nceli\u011fimiz haline getirmi\u015f bir firmay\u0131z. Do\u011fru \u00fcr\u00fcn se\u00e7imi, uzman montaj ve g\u00fcvenilir hizmet anlay\u0131\u015f\u0131yla T\u00fcrkiye\u2019nin 81 iline ula\u015f\u0131yor; her evin pencere dekorasyonunda \u00f6zg\u00fcn \u00e7\u00f6z\u00fcmler sunuyoruz.<\/p>\n<p>Misyonumuz<\/p>\n<p>Kalite & Estetik: Jaluzi perdede estetik g\u00f6r\u00fcn\u00fcmler kadar fonksiyonelli\u011fe de de\u011fer veririz. Ah\u015fap ya da metal jaluzi se\u00e7eneklerimizle \u0131\u015f\u0131\u011f\u0131 ve g\u00f6lgeyi kontrol eden, ya\u015fam alanlar\u0131n\u0131za tarz katan \u00fcr\u00fcnler sunar\u0131z.<\/p>\n<p>Her \u0130l, Her Adres: T\u00fcrkiye\u2019nin 81 iline g\u00f6nderim ve kurulum hizmetimiz mevcuttur. \u0130stanbul\u2019dan Do\u011fu illerine, sahilden i\u00e7 b\u00f6lgelere kadar her noktada \u00fcr\u00fcn\u00fcm\u00fczle ula\u015fabilir; montaj ekibimizle kurulumunu h\u0131zl\u0131 ve titizlikle ger\u00e7ekle\u015ftiririz.<\/p>\n<p>M\u00fc\u015fteri Memnuniyeti Odakl\u0131l\u0131k: \u0130steklerinizi dinler, beklentilerinize \u00f6zel \u00e7\u00f6z\u00fcmler sunar\u0131z. Perdelerimizin kalitesi, montaj hassasiyeti ve sonras\u0131 hizmetlerimizle \u201cmemnuniyet garantisi\u201d taahh\u00fcd\u00fcm\u00fcz\u00fc yerine getiririz.<\/p>\n<\/div><\/div><!-- \/.sc_title -->[vc_empty_space alter_height=&#8221;medium&#8221; hide_on_desktop=&#8221;&#8221; hide_on_notebook=&#8221;&#8221; hide_on_tablet=&#8221;&#8221; hide_on_mobile=&#8221;&#8221; css=&#8221;.vc_custom_1507116592881{margin-top: -0.5rem !important;}&#8221;][vc_column_text css=&#8221;&#8221;]<\/p>\n<h4 class=\"\">De\u011ferlerimiz<\/h4>\n<ul>\n<li data-start=\"1317\" data-end=\"1488\">\n<p data-start=\"1319\" data-end=\"1488\"><strong data-start=\"1319\" data-end=\"1329\">G\u00fcven:<\/strong> M\u00fc\u015fteri ile kurdu\u011fumuz ileti\u015fimde \u015feffafl\u0131k esast\u0131r. \u00dcr\u00fcn kalitesi, teslim s\u00fcresi, montaj sonras\u0131 destek gibi konularda beklentileri kar\u015f\u0131lamay\u0131 hedefleriz.<\/p>\n<\/li>\n<li data-start=\"1489\" data-end=\"1694\">\n<p data-start=\"1491\" data-end=\"1694\"><strong data-start=\"1491\" data-end=\"1517\">\u00d6zg\u00fcnl\u00fck &amp; \u00c7e\u015fitlilik:<\/strong> Farkl\u0131 jaluzi modelleri, ah\u015fap ve metal se\u00e7enekler, renk ve desen alternatifleriyle ya\u015fam alanlar\u0131n\u0131za \u00f6zg\u00fcnl\u00fck katar\u0131z. Her \u015fey \u201csizin pencereniz i\u00e7in \u00f6zel\u201d fikriyle ba\u015flar.<\/p>\n<\/li>\n<li data-start=\"1695\" data-end=\"1889\">\n<p data-start=\"1697\" data-end=\"1889\"><strong data-start=\"1697\" data-end=\"1716\">Profesyonellik:<\/strong> \u00dcr\u00fcn se\u00e7imi, \u00f6l\u00e7\u00fc alma, montaj ve servis s\u00fcrecimiz uzman kadromuzca titizlikle y\u00fcr\u00fct\u00fcl\u00fcr. Perdemizle ilgili her teknik detay\u0131 bilerek hizmet alman\u0131z i\u00e7in \u00f6zen g\u00f6steririz.<\/p>\n<\/li>\n<\/ul>\n<p>[\/vc_column_text][vc_empty_space alter_height=&#8221;medium&#8221; hide_on_desktop=&#8221;&#8221; hide_on_notebook=&#8221;&#8221; hide_on_tablet=&#8221;&#8221; hide_on_mobile=&#8221;&#8221; css=&#8221;.vc_custom_1507116617766{margin-top: -0.4rem !important;}&#8221;][vc_column_text css=&#8221;&#8221;]<\/p>\n<h4 class=\"\">Neden \u00d6zer Filiz Perde?<\/h4>\n<ul>\n<li data-start=\"1925\" data-end=\"2025\">\n<p data-start=\"1927\" data-end=\"2025\"><strong data-start=\"1927\" data-end=\"1966\">Uzun \u00f6m\u00fcrl\u00fc jaluzi kaliteli malzeme<\/strong> (\u00f6rn. ithal ah\u015fap) ile dayan\u0131kl\u0131l\u0131k ve estetik bir arada<\/p>\n<\/li>\n<li data-start=\"2026\" data-end=\"2117\">\n<p data-start=\"2028\" data-end=\"2117\"><strong data-start=\"2028\" data-end=\"2073\">T\u00fcrkiye\u2019nin tamam\u0131nda ula\u015f\u0131labilir hizmet<\/strong>, sat\u0131\u015f sonras\u0131 montaj ve bak\u0131m deste\u011fiyle<\/p>\n<\/li>\n<li data-start=\"2118\" data-end=\"2297\">\n<p data-start=\"2120\" data-end=\"2297\"><strong data-start=\"2120\" data-end=\"2169\">Referanslarla kan\u0131tlanm\u0131\u015f m\u00fc\u015fteri memnuniyeti<\/strong> \u2014 kullan\u0131c\u0131 yorumlar\u0131m\u0131zda \u00fcr\u00fcn kalitesi ve kurulum hassasiyeti s\u0131k\u00e7a vurgulanmaktad\u0131r.<\/p>\n<\/li>\n<\/ul>\n<p>[\/vc_column_text][vc_empty_space alter_height=&#8221;huge&#8221; hide_on_desktop=&#8221;&#8221; hide_on_notebook=&#8221;&#8221; hide_on_tablet=&#8221;&#8221; hide_on_mobile=&#8221;&#8221; css=&#8221;.vc_custom_1507116667489{margin-bottom: -0.4rem !important;}&#8221;][\/vc_column][\/vc_row]<\/p>\n<\/div>","protected":false},"excerpt":{"rendered":"<p>[vc_row][vc_column width=&#8221;1\/3&#8243;][vc_single_image image=&#8221;1877&#8243; img_size=&#8221;full&#8221; alignment=&#8221;center&#8221; css=&#8221;&#8221;][vc_empty_space alter_height=&#8221;small&#8221; hide_on_desktop=&#8221;&#8221; hide_on_notebook=&#8221;&#8221; hide_on_tablet=&#8221;&#8221; hide_on_mobile=&#8221;&#8221; css=&#8221;.vc_custom_1507116561302{margin-top: 0.6rem !important;}&#8221;][vc_column_text css=&#8221;&#8221;] \u00d6zer Filiz [\/vc_column_text][vc_empty_space hide_on_desktop=&#8221;&#8221; hide_on_notebook=&#8221;&#8221; hide_on_tablet=&#8221;&#8221; hide_on_mobile=&#8221;&#8221;][vc_column_text css=&#8221;&#8221;] Jaluzi Perde [\/vc_column_text][vc_empty_space alter_height=&#8221;huge&#8221; hide_on_desktop=&#8221;&#8221; hide_on_notebook=&#8221;&#8221; hide_on_tablet=&#8221;&#8221; hide_on_mobile=&#8221;&#8221;][\/vc_column][vc_column width=&#8221;2\/3&#8243;][vc_empty_space alter_height=&#8221;medium&#8221; hide_on_desktop=&#8221;&#8221; hide_on_notebook=&#8221;&#8221; hide_on_tablet=&#8221;&#8221; hide_on_mobile=&#8221;&#8221; css=&#8221;.vc_custom_1507116592881{margin-top: -0.5rem !important;}&#8221;][vc_column_text css=&#8221;&#8221;] De\u011ferlerimiz G\u00fcven: M\u00fc\u015fteri ile kurdu\u011fumuz ileti\u015fimde \u015feffafl\u0131k esast\u0131r. \u00dcr\u00fcn kalitesi, teslim s\u00fcresi, montaj sonras\u0131 destek gibi konularda beklentileri kar\u015f\u0131lamay\u0131&hellip;<\/p>\n","protected":false},"author":1,"featured_media":0,"parent":0,"menu_order":0,"comment_status":"closed","ping_status":"closed","template":"","meta":{"footnotes":""},"class_list":["post-101","page","type-page","status-publish","hentry"],"_links":{"self":[{"href":"https:\/\/ozerfilizperde.com\/index.php\/wp-json\/wp\/v2\/pages\/101","targetHints":{"allow":["GET"]}}],"collection":[{"href":"https:\/\/ozerfilizperde.com\/index.php\/wp-json\/wp\/v2\/pages"}],"about":[{"href":"https:\/\/ozerfilizperde.com\/index.php\/wp-json\/wp\/v2\/types\/page"}],"author":[{"embeddable":true,"href":"https:\/\/ozerfilizperde.com\/index.php\/wp-json\/wp\/v2\/users\/1"}],"replies":[{"embeddable":true,"href":"https:\/\/ozerfilizperde.com\/index.php\/wp-json\/wp\/v2\/comments?post=101"}],"version-history":[{"count":9,"href":"https:\/\/ozerfilizperde.com\/index.php\/wp-json\/wp\/v2\/pages\/101\/revisions"}],"predecessor-version":[{"id":1899,"href":"https:\/\/ozerfilizperde.com\/index.php\/wp-json\/wp\/v2\/pages\/101\/revisions\/1899"}],"wp:attachment":[{"href":"https:\/\/ozerfilizperde.com\/index.php\/wp-json\/wp\/v2\/media?parent=101"}],"curies":[{"name":"wp","href":"https:\/\/api.w.org\/{rel}","templated":true}]}}